{"id":45,"date":"2022-06-08T12:35:52","date_gmt":"2022-06-08T15:35:52","guid":{"rendered":"https:\/\/bemviverambientes.com.br\/site\/?page_id=45"},"modified":"2022-08-30T13:38:47","modified_gmt":"2022-08-30T16:38:47","slug":"sobre","status":"publish","type":"page","link":"https:\/\/bemviverambientes.com.br\/site\/sobre\/","title":{"rendered":"Sobre"},"content":{"rendered":"\n<figure class=\"wp-block-video\"><video height=\"1080\" style=\"aspect-ratio: 1920 \/ 1080;\" width=\"1920\" controls src=\"https:\/\/bemviverambientes.com.br\/site\/wp-content\/uploads\/2022\/07\/BEM-VIVER-AMBIENTES-video-sobre.mp4\"><\/video><\/figure>\n\n\n<div class=\"wp-block-image\">\n<figure class=\"aligncenter size-full is-resized\"><img loading=\"lazy\" decoding=\"async\" src=\"https:\/\/bemviverambientes.com.br\/site\/wp-content\/uploads\/2022\/08\/WhatsApp-Image-2022-08-10-at-12.15.19.jpeg\" alt=\"\" class=\"wp-image-345\" width=\"285\" height=\"349\" srcset=\"https:\/\/bemviverambientes.com.br\/site\/wp-content\/uploads\/2022\/08\/WhatsApp-Image-2022-08-10-at-12.15.19.jpeg 837w, https:\/\/bemviverambientes.com.br\/site\/wp-content\/uploads\/2022\/08\/WhatsApp-Image-2022-08-10-at-12.15.19-245x300.jpeg 245w, https:\/\/bemviverambientes.com.br\/site\/wp-content\/uploads\/2022\/08\/WhatsApp-Image-2022-08-10-at-12.15.19-768x940.jpeg 768w\" sizes=\"auto, (max-width: 285px) 100vw, 285px\" \/><\/figure>\n<\/div>\n\n\n<p class=\"has-text-align-left\"><\/p>\n\n\n\n<p align=\"justify\">Apaixonadas pelo ramo moveleiro e com uma vasta experi\u00eancia no setor moveleiro, as empreendedoras Gracielle e Maria das Gra\u00e7as fundaram a Bem Viver Ambientes Planejados em 2012, uma marcenaria artesanal e personalizada, que atua na execu\u00e7\u00e3o de projetos residenciais e comerciais no DF e entorno.<\/p>\n<p align=\"justify\">\nRealizar os sonhos dos clientes de forma criativa, atual e profissional, acima de tudo. Essa \u00e9 a prioridade da BEM VIVER AMBIENTES PLANEJADOS.<\/p>\n\n\n\n\n<p class=\"has-text-align-left\"><\/p>\n\n\n\n<p><\/p>\n","protected":false},"excerpt":{"rendered":"<p>Apaixonadas pelo ramo moveleiro e com uma vasta experi\u00eancia no setor moveleiro, as empreendedoras Gracielle e Maria das Gra\u00e7as fundaram a Bem Viver Ambientes Planejados em 2012, uma marcenaria artesanal e personalizada, que atua na execu\u00e7\u00e3o de projetos residenciais e comerciais no DF e entorno. Realizar os sonhos dos clientes de forma criativa, atual e &#8230; <a title=\"Sobre\" class=\"read-more\" href=\"https:\/\/bemviverambientes.com.br\/site\/sobre\/\" aria-label=\"Mais sobre Sobre\">Ler mais<\/a><\/p>\n","protected":false},"author":1,"featured_media":0,"parent":0,"menu_order":0,"comment_status":"closed","ping_status":"closed","template":"","meta":{"footnotes":""},"class_list":["post-45","page","type-page","status-publish"],"_links":{"self":[{"href":"https:\/\/bemviverambientes.com.br\/site\/wp-json\/wp\/v2\/pages\/45","targetHints":{"allow":["GET"]}}],"collection":[{"href":"https:\/\/bemviverambientes.com.br\/site\/wp-json\/wp\/v2\/pages"}],"about":[{"href":"https:\/\/bemviverambientes.com.br\/site\/wp-json\/wp\/v2\/types\/page"}],"author":[{"embeddable":true,"href":"https:\/\/bemviverambientes.com.br\/site\/wp-json\/wp\/v2\/users\/1"}],"replies":[{"embeddable":true,"href":"https:\/\/bemviverambientes.com.br\/site\/wp-json\/wp\/v2\/comments?post=45"}],"version-history":[{"count":13,"href":"https:\/\/bemviverambientes.com.br\/site\/wp-json\/wp\/v2\/pages\/45\/revisions"}],"predecessor-version":[{"id":380,"href":"https:\/\/bemviverambientes.com.br\/site\/wp-json\/wp\/v2\/pages\/45\/revisions\/380"}],"wp:attachment":[{"href":"https:\/\/bemviverambientes.com.br\/site\/wp-json\/wp\/v2\/media?parent=45"}],"curies":[{"name":"wp","href":"https:\/\/api.w.org\/{rel}","templated":true}]}}